{"id":178,"date":"2023-04-23T13:18:11","date_gmt":"2023-04-23T16:18:11","guid":{"rendered":"https:\/\/denizecolaneri.com\/?page_id=178"},"modified":"2024-05-22T15:42:13","modified_gmt":"2024-05-22T18:42:13","slug":"rck-formatacao","status":"publish","type":"page","link":"https:\/\/denizecolaneri.com\/?page_id=178","title":{"rendered":"RCK"},"content":{"rendered":"\t\t<div data-elementor-type=\"wp-page\" data-elementor-id=\"178\" class=\"elementor elementor-178\">\n\t\t\t\t\t\t\t\t\t<section class=\"elementor-section elementor-top-section elementor-element elementor-element-4109b84 elementor-section-boxed elementor-section-height-default elementor-section-height-default\" data-id=\"4109b84\" data-element_type=\"section\" data-settings=\"{&quot;background_background&quot;:&quot;classic&quot;}\">\n\t\t\t\t\t\t<div class=\"elementor-container elementor-column-gap-default\">\n\t\t\t\t\t<div class=\"elementor-column elementor-col-100 elementor-top-column elementor-element elementor-element-38d81c1\" data-id=\"38d81c1\" data-element_type=\"column\">\n\t\t\t<div class=\"elementor-widget-wrap elementor-element-populated\">\n\t\t\t\t\t\t\t\t<div class=\"elementor-element elementor-element-4922534 elementor-widget elementor-widget-spacer\" data-id=\"4922534\" data-element_type=\"widget\" data-widget_type=\"spacer.default\">\n\t\t\t\t<div class=\"elementor-widget-container\">\n\t\t\t<style>\/*! elementor - v3.14.0 - 26-06-2023 *\/\n.elementor-column .elementor-spacer-inner{height:var(--spacer-size)}.e-con{--container-widget-width:100%}.e-con-inner>.elementor-widget-spacer,.e-con>.elementor-widget-spacer{width:var(--container-widget-width,var(--spacer-size));--align-self:var(--container-widget-align-self,initial);--flex-shrink:0}.e-con-inner>.elementor-widget-spacer>.elementor-widget-container,.e-con-inner>.elementor-widget-spacer>.elementor-widget-container>.elementor-spacer,.e-con>.elementor-widget-spacer>.elementor-widget-container,.e-con>.elementor-widget-spacer>.elementor-widget-container>.elementor-spacer{height:100%}.e-con-inner>.elementor-widget-spacer>.elementor-widget-container>.elementor-spacer>.elementor-spacer-inner,.e-con>.elementor-widget-spacer>.elementor-widget-container>.elementor-spacer>.elementor-spacer-inner{height:var(--container-widget-height,var(--spacer-size))}<\/style>\t\t<div class=\"elementor-spacer\">\n\t\t\t<div class=\"elementor-spacer-inner\"><\/div>\n\t\t<\/div>\n\t\t\t\t<\/div>\n\t\t\t\t<\/div>\n\t\t\t\t<div class=\"elementor-element elementor-element-83bdaa9 elementor-widget elementor-widget-heading\" data-id=\"83bdaa9\" data-element_type=\"widget\" data-widget_type=\"heading.default\">\n\t\t\t\t<div class=\"elementor-widget-container\">\n\t\t\t<style>\/*! elementor - v3.14.0 - 26-06-2023 *\/\n.elementor-heading-title{padding:0;margin:0;line-height:1}.elementor-widget-heading .elementor-heading-title[class*=elementor-size-]>a{color:inherit;font-size:inherit;line-height:inherit}.elementor-widget-heading .elementor-heading-title.elementor-size-small{font-size:15px}.elementor-widget-heading .elementor-heading-title.elementor-size-medium{font-size:19px}.elementor-widget-heading .elementor-heading-title.elementor-size-large{font-size:29px}.elementor-widget-heading .elementor-heading-title.elementor-size-xl{font-size:39px}.elementor-widget-heading .elementor-heading-title.elementor-size-xxl{font-size:59px}<\/style><h2 class=\"elementor-heading-title elementor-size-default\">Rescis\u00e3o de Contrato K\u00e1rmico<\/h2>\t\t<\/div>\n\t\t\t\t<\/div>\n\t\t\t\t<div class=\"elementor-element elementor-element-8d158a3 elementor-align-center elementor-invisible elementor-widget elementor-widget-button\" data-id=\"8d158a3\" data-element_type=\"widget\" data-settings=\"{&quot;_animation&quot;:&quot;slideInDown&quot;}\" data-widget_type=\"button.default\">\n\t\t\t\t<div class=\"elementor-widget-container\">\n\t\t\t\t\t<div class=\"elementor-button-wrapper\">\n\t\t\t<a class=\"elementor-button elementor-button-link elementor-size-lg elementor-animation-pulse\" href=\"https:\/\/pag.ae\/7-yiXjKzv\">\n\t\t\t\t\t\t<span class=\"elementor-button-content-wrapper\">\n\t\t\t\t\t\t<span class=\"elementor-button-text\">QUERO COMPRAR<\/span>\n\t\t<\/span>\n\t\t\t\t\t<\/a>\n\t\t<\/div>\n\t\t\t\t<\/div>\n\t\t\t\t<\/div>\n\t\t\t\t<div class=\"elementor-element elementor-element-0320ab2 elementor-widget elementor-widget-text-editor\" data-id=\"0320ab2\" data-element_type=\"widget\" data-widget_type=\"text-editor.default\">\n\t\t\t\t<div class=\"elementor-widget-container\">\n\t\t\t<style>\/*! elementor - v3.14.0 - 26-06-2023 *\/\n.elementor-widget-text-editor.elementor-drop-cap-view-stacked .elementor-drop-cap{background-color:#69727d;color:#fff}.elementor-widget-text-editor.elementor-drop-cap-view-framed .elementor-drop-cap{color:#69727d;border:3px solid;background-color:transparent}.elementor-widget-text-editor:not(.elementor-drop-cap-view-default) .elementor-drop-cap{margin-top:8px}.elementor-widget-text-editor:not(.elementor-drop-cap-view-default) .elementor-drop-cap-letter{width:1em;height:1em}.elementor-widget-text-editor .elementor-drop-cap{float:left;text-align:center;line-height:1;font-size:50px}.elementor-widget-text-editor .elementor-drop-cap-letter{display:inline-block}<\/style>\t\t\t\t<p><b>O QUE \u00c9 RESCIS\u00c3O DE CONTRATO K\u00c1RMICO? &#8211; PRIMEIRA FASE<br \/><\/b><\/p><p>Seu cora\u00e7\u00e3o anseia por liberdade, mas sua mente justifica que n\u00e3o pode, porque voc\u00ea cr\u00ea fortemente que tem motivos para merecer sofrimentos, priva\u00e7\u00f5es e puni\u00e7\u00f5es.<\/p><p>Acredita que tem raz\u00e3o, que est\u00e1 certo, sua vida ser uma eterna subida de ladeiras, carregando uma mochila cheia de pedras pesadas.<\/p><p>Seu cora\u00e7\u00e3o anseia por viver em Paz, Harmonia, Sossego, Amor e Prosperidade!<\/p><p>Eu preciso te dizer que voc\u00ea como filha(o) do Dono do Mundo e portanto herdeira(o) de Deus, esp\u00edrito encarnado na Terra, express\u00e3o consciente do amor e da sabedoria do Criador, tem o direito de pedir sua cura e libera\u00e7\u00e3o de perd\u00e3o.\u00a0<\/p><p>E para receber \u00e9 necess\u00e1rio que voc\u00ea pe\u00e7a, verbalize e decrete, demonstrando assim, que aceita e autoriza a contribui\u00e7\u00e3o dos seus Mentores de Luz, Anjos da Guarda, Guardi\u00f5es e Mestres Superiores\u00a0<\/p><p>A anula\u00e7\u00e3o de todos os seus sentimentos de culpa, raiva, m\u00e1goa, ressentimento, tristeza, \u00f3dio, amargura, ressentimento, julgamento, vingan\u00e7a, arrependimento e auto julgamento<\/p><p>O cancelamento de todas as informa\u00e7\u00f5es de desmerecimento, incapacidade, d\u00favida, impossibilidade, e de todos os registros k\u00e1rmicos de autopuni\u00e7\u00e3o, pobreza, doen\u00e7as e sofrimentos.<\/p><p>Que est\u00e3o inconscientes e trancados em seu subconsciente, e gerar a partir de agora, total harmonia emocional, espiritual, energ\u00e9tica e f\u00edsica.<\/p><p>Voc\u00ea precisa desejar a abertura da sua Linha do Tempo, para promover a compreens\u00e3o, perd\u00e3o, harmoniza\u00e7\u00e3o e liberta\u00e7\u00e3o de qualquer tipo de rela\u00e7\u00e3o direta ou indireta, consciente ou inconsciente com todas as pessoas com as quais ainda existam sintonia desequilibrada como raiva, \u00f3dio, m\u00e1goa, prejudicial a livre evolu\u00e7\u00e3o de todos os seres envolvidos.<\/p><p>Determinar a corre\u00e7\u00e3o de todas as informa\u00e7\u00f5es negativas registradas em seu DNA, em suas c\u00e9lulas, usando para isso a informa\u00e7\u00e3o original de perfei\u00e7\u00e3o do teu Ser infinito, guardado em sua alma desde a sua cria\u00e7\u00e3o.\u00a0<\/p><p>Rescis\u00e3o de Contrato K\u00e1rmico (RCK) \u00e9 uma prepara\u00e7\u00e3o para MUDAR o jeito de se aprender aqui na Terra, e evoluir, restaurando nossos erros do passado e do presente, sem precisar sofrer.<\/p><p>A primeira coisa que precisamos ter em mente e ter internalizado, \u00e9 o que que significa o processo, e a ideia de todo o comprometimento que estamos tendo ao decidir passar por essa ferramenta de liberta\u00e7\u00e3o espiritual, que abrange beneficamente todas as \u00e1reas de nossas vidas.<\/p><p>A terapeuta que oferece essa ferramenta n\u00e3o est\u00e1 oferecendo s\u00f3 uma ferramenta terap\u00eautica, ela est\u00e1 exercendo uma miss\u00e3o.\u00a0 Por\u00e9m ela n\u00e3o \u00e9 \u2018A Poderosa\u2019, n\u00e3o \u00e9 um santo milagreiro e que vai curar as pessoas. Essa \u00e9 uma ideia equivocada. Ningu\u00e9m tira ningu\u00e9m de nada.<\/p><p>A pessoa que vem fazer esse trabalho tem que entender que est\u00e1 ali de livre e espont\u00e2nea vontade, para poder mudar o seu jeito de aprender aqui Terra.<\/p><p>Estar consciente de que n\u00e3o \u00e9 mais um modismo, e sim uma miss\u00e3o.<\/p><p>Deve ficar bem claro que quando vier, que venha de cora\u00e7\u00e3o aberto, desarmada, para poder fazer essa mudan\u00e7a de paradigma em sua vida.<\/p><p>Onde tudo que vai acontecer, a partir de ent\u00e3o, ser\u00e1 pelo caminho do amor, ser\u00e3o oportunidades que v\u00e3o surgir, que antes n\u00e3o estavam acontecendo.<\/p><p>Voc\u00ea est\u00e1 aqui para fazer uma mudan\u00e7a de vida e ter\u00e1 que assumir essa SUA responsabilidade, n\u00e3o tem outro jeito.<\/p><p>N\u00e3o existe ficar em casa e um excelente emprego, salvador, pr\u00edncipe encantado ou qualquer outra coisa, bater em nossa porta.<\/p><p>Precisamos fazer nossa parte, ser ativos e participativos no sucesso, cura e evolu\u00e7\u00e3o que desejamos para nossas vidas, em todos os seus aspectos.\u00a0<\/p><p>Tendemos a colocar a culpa em algu\u00e9m, na infelicidade de nossas vidas. Nos vitimizando, pois n\u00e3o aguentamos olhar para si mesmos, e ver que somos os respons\u00e1veis pela sua vida que ainda insistimos em manter.<\/p><p>Participar do processo terap\u00eautico espiritual de RCK n\u00e3o \u00e9 livrar-se do karma. Ningu\u00e9m se liberta do karma. Essa \u00e9 a verdade!<\/p><p>RCK \u00e9 uma ferramenta para as pessoas que buscam ajuda para sair do sofrimento aceito por ela mesma, e que possa ent\u00e3o se desvincular de situa\u00e7\u00f5es t\u00f3xicas, que ela j\u00e1 entendeu, que n\u00e3o est\u00e3o lhe servindo mais como meio de crescimento, evolu\u00e7\u00e3o e colabora\u00e7\u00e3o para a cura da humanidade e do planeta Terra.<\/p><p>\u00c0s vezes a pessoa aprende que vem aqui para sofrer, para viver tudo que \u00e9 ruim, como forma de resgate daquilo que foi vivido em outras vidas. Nada disso! N\u00e3o \u00e9 bem assim!\u00a0<\/p><p>Se prega no contrato K\u00e1rmico e na roda de samsara (ciclo ininterrupto de reencarna\u00e7\u00f5es na Terra), que a gente veio aqui para sofrer, para pagar e resgatar os erros do passado e realizar projetos.<\/p><p>Porque atrav\u00e9s do sofrimento voc\u00ea estaria de alguma forma dizendo que est\u00e1 arrependido.<\/p><p>E por meio da culpa, remorso e vergonha que sentimos de nossos erros, aceitamos tal acordo, tal contrato k\u00e1rmico de sofrimentos diversos, e assim damos a nossa assinatura c\u00f3smica autorizando maus tratos, obst\u00e1culos e puni\u00e7\u00f5es eternas.<\/p><p>Acreditamos que n\u00e3o somos dignos de perd\u00e3o, amor, ajuda, miseric\u00f3rdia e oportunidades de recome\u00e7os e aprendizados, para nos tornar melhores que antes.<\/p><p>O que o contrato k\u00e1rmico de sofrimento e puni\u00e7\u00e3o visa, n\u00e3o \u00e9 dar solu\u00e7\u00e3o para nada!\u00a0<\/p><p>Porque os seres involutivos, os controladores da Terra em 3\u00ba dimens\u00e3o, querem que voc\u00ea fique toda hora promovendo mais e mais Karma, para continuar nessa roda de reencarna\u00e7\u00f5es infinitas (Roda de Samsara), pois atrav\u00e9s dessa energia de baixa densidade de sofrimento, de doen\u00e7a, de trag\u00e9dia \u00e9 que eles se alimentam, e se mant\u00e9m aqui, no meio de n\u00f3s.<\/p><p>Os seres involutivos est\u00e3o aqui porque a humanidade promove isso. Promove atrav\u00e9s da competi\u00e7\u00e3o, da guerra, das maldades que s\u00e3o feitas com crian\u00e7a, com animais, da destrui\u00e7\u00e3o da natureza, disputa de poder, ambi\u00e7\u00e3o e todas as coisas que levam o ser humano a destrui\u00e7\u00e3o de si mesmo e dos outros.<\/p><p>Com toda essa energia que \u00e9 emanada, exalada de todos esses nossos comportamentos negativos, desconectados de Deus, acabamos indo na dire\u00e7\u00e3o desses seres evolutivos, que consomem isso, como se fosse caviar. Para eles, essa energia densa, baixa, negativa \u00e9 como a melhor comida que voc\u00ea pode oferecer.<\/p><p>Se DEUS \u00c9 AMOR, como pode nos dar essa \u00fanica op\u00e7\u00e3o de crescer?<\/p><p>N\u00e3o faz sentido! Tem algo de muito errado nessa prega\u00e7\u00e3o de que o \u00fanico caminho para pagar karmas.<\/p><p>Ou que voc\u00ea s\u00f3 vive uma vez na Terra, e acabou. Que s\u00f3 se tem uma \u00fanica chance de acertar, mesmo sendo iniciante, novato na vida na Terra. Se n\u00e3o acertar de primeira, vai para o inferno eterno!<\/p><p>Ou que crescimento \u00e9 por amor ou por dor.\u00a0<\/p><p>Que amor?\u00a0<\/p><p>Onde na Terra aprendemos o que \u00e9 isso?\u00a0<\/p><p>Debaixo de pancadas?\u00a0<\/p><p>Convivendo com outros humanos falhas como n\u00f3s, porque n\u00e3o h\u00e1 santos, nem anjos na Terra?\u00a0<\/p><p>E como evoluir? Embaixo do peso atroz de toneladas de dificuldades de todos os tipos, d\u00edvidas, dores, doen\u00e7as, solid\u00e3o, injusti\u00e7a, obst\u00e1culos, ataques?\u00a0<\/p><p>E que por mais que sejamos bons, ainda assim nossa vida n\u00e3o melhora nunca?<\/p><p>Como ser altru\u00edsta e cumprir nossa miss\u00e3o de vida, na profiss\u00e3o ou no dia-a -dia, se nos falta o suficiente para repartir?<\/p><p>O sofrimento n\u00e3o faz ningu\u00e9m evoluir, se fosse assim, a Terra j\u00e1 seria um planeta regenerado, de humanos super perfeitos, seres angelicais, ascensionados e iluminados.<\/p><p>Pres\u00eddios seriam mosteiros, hosp\u00edcios seriam spas, asilos seriam remansos e orfanatos seriam jardins encantados.<\/p><p>Ser pobre nos faria ser Mestres de Luz, e lutar para apenas sobreviver j\u00e1 nos teria tornado guardi\u00f5es contra o mal.<\/p><p>Pancadas, puni\u00e7\u00f5es e castigos n\u00e3o educam, n\u00e3o corrigem e n\u00e3o doutrinam, apenas revoltam, esgotam, amargura e tiram do ser humano toda a esperan\u00e7a num mundo melhor e no sentido da vida.\u00a0<\/p><p>O que tr\u00e1s esperan\u00e7a e for\u00e7a para continuar a aprender, como ser melhor a cada dia e corrigir nossos erros, <b>\u00c9 O AMOR, o perd\u00e3o, respeito e a compaix\u00e3o<\/b>. Oportunidade de melhoria. E ensinamento de como fazer isso.<\/p><p><b>O que nos faz evoluir \u00e9 mudar o jeito de aprender<\/b> aqui na Terra, por meio dos aprendizados diversos.\u00a0<\/p><p>Receber energias positivas de diversas t\u00e9cnicas espirituais e terap\u00eauticas que de verdade, nos ajudem a acordar, a dar saltos qu\u00e2nticos, elevar nossa frequ\u00eancia e vibra\u00e7\u00e3o para sair do subjugo dos seres involutivos.\u00a0\u00a0\u00a0<\/p><p>Para que livres e aliviados possamos ter a oportunidade de restaurar nossos erros desta vida e tamb\u00e9m de vidas passadas.\u00a0<\/p><p>De expandir nossa consci\u00eancia e ter acesso ao Conhecimento Divino, guardado dentro de cada um de n\u00f3s, em nossas almas.\u00a0<\/p><p>E reconstruir nossos erros atrav\u00e9s do <b>Caminho do Amor<\/b>.\u00a0<\/p><p>&#8220;<i>Estamos vivendo tempos de grandes mudan\u00e7as, e agora \u00e9 importante se manterem sempre nas vibra\u00e7\u00f5es da quinta dimens\u00e3o, enquanto tudo parece ca\u00f3tico \u00e9 o momento de voc\u00eas mostrarem tudo o que aprenderam, tudo que ensinamos a voc\u00ea.<\/i><\/p><p><i>Os seus controladores tentaram ocultar de voc\u00eas o segredo mais valioso. O poder que possuem de cocriar as suas realidades. Mas para exercer o poder em sua plenitude voc\u00eas precisam se libertar da cren\u00e7a de que s\u00e3o dependentes.<\/i><\/p><p><i>N\u00e3o fomos n\u00f3s que realizamos os seus milagres. A lei da cocria\u00e7\u00e3o n\u00e3o se trata apenas de visualizar o que voc\u00ea quer que seja a sua realidade, mas de confiar. Confiar que tudo lhe ser\u00e1 acrescentado e por isso n\u00e3o precisa mais se preocupar, porque simplesmente sabe, voc\u00ea simplesmente \u00e9.<\/i><\/p><p><i>Agrade\u00e7a por tudo de bom que voc\u00ea tem hoje e confie no hoje, porque amanh\u00e3 mais daquilo que voc\u00ea \u00e9 grato lhe ser\u00e1 acrescentado. Isso n\u00e3o se trata de cren\u00e7a, se trata de energias semelhantes. Isso se trata de programa\u00e7\u00e3o. A matrix apresenta sempre mais daquilo que seus programadores inserem na grade energ\u00e9tica. Tanto coletivamente como individual.<\/i><\/p><p><i>Por isso os controladores se empenham tanto em criar hologramas, em controlar as m\u00eddias, em mudar a sua hist\u00f3ria. Porque eles precisam que voc\u00ea acredite na escassez, eles precisam que voc\u00eas acreditem no caos, porque assim voc\u00eas criam a escassez.<\/i><\/p><p><i>O universo \u00e9 abundante. Voc\u00ea \u00e9 abundante e essa \u00e9 a verdade<\/i>\u201d. &#8211; Felino Shankar &#8211; @missaoresgateestelar<\/p><p><strong>O texto que voc\u00ea vai ler da Rescis\u00e3o de Contrato K\u00e1rmico, antes do dia da sua sess\u00e3o agendada e por v\u00eddeo chamada, h\u00e1 uma compila\u00e7\u00e3o de 22 temas recorrentes em nossas vidas, em que voc\u00ea com certeza, vai estar associada a um desses temas ou v\u00e1rios deles. H\u00e1 pessoas que\u00a0 est\u00e3o associadas a todos eles.<\/strong><\/p><p><b>Par\u00e1grafo 01:<\/b> Refere-se \u00e0 SIMBIOSE.\u00a0<\/p><p>Voc\u00ea pode estar aprisionado com pessoas, fatos, lugares, magias de amarra\u00e7\u00f5es, dessa ou de outras vidas, com obsessores, entidades, pelos mais variados motivos.\u00a0<\/p><p><b>Par\u00e1grafo 02:<\/b> Refere-se \u00e0 LIBERDADE.\u00a0<\/p><p>Um direito de todas as criaturas humanas. Mas que algumas pessoas preferem abrir m\u00e3o para serem comandados, seguindo regras e ordens de terceiros.\u00a0<\/p><p><b>Par\u00e1grafo 03:<\/b> Refere-se \u00e0 RITUAIS de todos os tipos.\u00a0<\/p><p>Esot\u00e9ricos, religiosos, etc., que acabam prendendo a vida da pessoa.\u00a0<\/p><p>S\u00e3o simpatias e magias que se fazem para ado\u00e7ar pessoas ou amarr\u00e1-las num relacionamento ou situa\u00e7\u00f5es, e que a vida do cliente fica presa e nem sabe o porqu\u00ea.\u00a0<\/p><p><b>Par\u00e1grafo 04: <\/b>Refere-se \u00e0 conex\u00e3o com Deus, a Verdadeira Fonte Criadora que habita dentro de cada um de n\u00f3s.\u00a0<\/p><p>H\u00e1 muita gente que se desconectou de Deus,por ter vivido experi\u00eancias traum\u00e1ticas ou por perdas de pessoas queridas. Esta \u00e9 a pior escolha que algu\u00e9m pode fazer, pois ficar\u00e1 \u00e0 deriva, sem rumo e se tornar\u00e1 uma presa f\u00e1cil dos seres involutivos.\u00a0<\/p><p><b>Par\u00e1grafo 05:<\/b> Refere-se ao nosso GENES.\u00a0<\/p><p><b>Par\u00e1grafo 06: <\/b>Refere-se \u00e0s CREN\u00c7AS LIMITANTES.\u00a0<\/p><p><b>Par\u00e1grafo 07:<\/b> Refere-se \u00e0s pend\u00eancias trazidas sobre lugares (cidades, estados, pa\u00edses) em que vivemos em outras vidas, e que podem ser deste ou de outros planetas. Muitas vezes causam estragos coletivos por deter poder naquela vida.\u00a0<\/p><p>Se n\u00e3o resolvermos, o lugar ficar\u00e1 contra n\u00f3s, e se l\u00e1 voltarmos, mesmo se n\u00e3o\u00a0 tivermos consci\u00eancia do que fizemos, nada dar\u00e1 certo ali. O lugar n\u00e3o nos receber\u00e1 bem.\u00a0<\/p><p><b>Par\u00e1grafo 08: <\/b>Refere-se \u00e0s RELIGI\u00d5ES, FILOSOFIAS, SOCIEDADES SECRETAS e ESOT\u00c9RICAS.\u00a0<\/p><p>Este par\u00e1grafo nos cobra uma retrata\u00e7\u00e3o, da mesma maneira que o par\u00e1grafo anterior.<\/p><p>Possivelmente por mau uso e manipula\u00e7\u00e3o do poder e dos conhecimentos adquiridos por n\u00f3s, em \u00e9pocas passadas, e pela transgress\u00e3o \u00e0s suas regras.\u00a0<\/p><p><b>Par\u00e1grafo 09:<\/b> Refere-se \u00e0 VIDA MATERIAL.\u00a0<\/p><p>Trabalho, profiss\u00e3o, estudos, prosperidade, realiza\u00e7\u00e3o de projetos, etc.\u00a0<\/p><p><b>Par\u00e1grafo 10:<\/b> Refere-se aos CHIPS, IMPLANTES e afins.\u00a0<\/p><p>Esse assunto envolve nanotecnologia dentro dos alimentos, da \u00e1gua, no ar, por meio das vacinas onde se inoculam chips e etc.<\/p><p><b>Par\u00e1grafo 11:<\/b> Refere-se aos OBSESSORES que podem ser encarnados e\/ou desencarnados.\u00a0<\/p><p>Tamb\u00e9m \u00e0s entidades que nos perseguem cobrando lealdade, de outras vidas, definidas por pactos ou acordos entre n\u00f3s e eles.<\/p><p><b>Par\u00e1grafo 12:<\/b> Refere-se a todos os TIPOS DE CONTROLE, em todos os seus Corpos Sutis.<\/p><p><b>Par\u00e1grafo 13:<\/b> Refere-se \u00e0 LIBERDADE de sair do Planeta Terra quando voc\u00ea decidir, seja a idade do seu desencarne, seja por teletransporte | viagens astrais durante o sono ou medita\u00e7\u00f5es. Tamb\u00e9m de controlar o envelhecimento.\u00a0<\/p><p>Capacidades que nos eram inerentes no passado, devido nossa ess\u00eancia humana.\u00a0<\/p><p><b>Par\u00e1grafo 14:<\/b> Refere-se ao CONTRATO K\u00c1RMICO, e o impedimento de mud\u00e1-lo ou cancel\u00e1-lo.<\/p><p><b>Par\u00e1grafo 15:<\/b> Refere-se \u00e0s MAGIAS ENVIADAS, RECEBIDAS e afins.\u00a0<\/p><p><b>Par\u00e1grafo 16:<\/b> Refere-se aos SENTIMENTOS DISTORCIDOS, desde a inf\u00e2ncia.<\/p><p><b>Par\u00e1grafo 17:<\/b> Refere-se \u00e0s PALAVRAS MAL INTERPRETADAS, AO INV\u00c9S DE SEU VERDADEIRO SIGNIFICADO.\u00a0<\/p><p><b>Par\u00e1grafo 18:<\/b> Refere-se aos FRAGMENTOS SOLTOS DE PERSONALIDADES DE ENCARNA\u00c7\u00d5ES PASSADAS e ARQU\u00c9TIPOS DE VIDAS PASSADAS.\u00a0<\/p><p><b>Par\u00e1grafo 19:<\/b> Refere-se ao C\u00c9REBRO e \u00e0s suas influ\u00eancias.\u00a0<\/p><p><b>Par\u00e1grafo 20:<\/b> Refere-se \u00e0 M\u00d4NADA DE SOFRIMENTO.\u00a0<\/p><p><b>Par\u00e1grafo 21:<\/b> Refere-se ao RESGATE DOS SEUS CLONES.\u00a0<\/p><p><b>Par\u00e1grafo 22:<\/b> Refere-se \u00e0 LIMPEZA DA CRIAN\u00c7A INTERIOR.<\/p>\t\t\t\t\t\t<\/div>\n\t\t\t\t<\/div>\n\t\t\t\t<div class=\"elementor-element elementor-element-e8386cc elementor-widget elementor-widget-image\" data-id=\"e8386cc\" data-element_type=\"widget\" data-widget_type=\"image.default\">\n\t\t\t\t<div class=\"elementor-widget-container\">\n\t\t\t<style>\/*! elementor - v3.14.0 - 26-06-2023 *\/\n.elementor-widget-image{text-align:center}.elementor-widget-image a{display:inline-block}.elementor-widget-image a img[src$=\".svg\"]{width:48px}.elementor-widget-image img{vertical-align:middle;display:inline-block}<\/style>\t\t\t\t\t\t\t\t\t\t\t\t<img loading=\"lazy\" decoding=\"async\" width=\"1024\" height=\"1024\" src=\"https:\/\/denizecolaneri.com\/wp-content\/uploads\/2023\/11\/WhatsApp-Image-2023-11-03-at-22.41.34.jpeg\" class=\"attachment-large size-large wp-image-1276\" alt=\"\" srcset=\"https:\/\/denizecolaneri.com\/wp-content\/uploads\/2023\/11\/WhatsApp-Image-2023-11-03-at-22.41.34.jpeg 1024w, https:\/\/denizecolaneri.com\/wp-content\/uploads\/2023\/11\/WhatsApp-Image-2023-11-03-at-22.41.34-300x300.jpeg 300w, https:\/\/denizecolaneri.com\/wp-content\/uploads\/2023\/11\/WhatsApp-Image-2023-11-03-at-22.41.34-150x150.jpeg 150w, https:\/\/denizecolaneri.com\/wp-content\/uploads\/2023\/11\/WhatsApp-Image-2023-11-03-at-22.41.34-768x768.jpeg 768w\" sizes=\"(max-width: 1024px) 100vw, 1024px\" \/>\t\t\t\t\t\t\t\t\t\t\t\t\t\t\t<\/div>\n\t\t\t\t<\/div>\n\t\t\t\t\t<\/div>\n\t\t<\/div>\n\t\t\t\t\t\t\t<\/div>\n\t\t<\/section>\n\t\t\t\t\t\t\t<\/div>\n\t\t","protected":false},"excerpt":{"rendered":"<p>Rescis\u00e3o de Contrato K\u00e1rmico QUERO COMPRAR O QUE \u00c9 RESCIS\u00c3O DE CONTRATO K\u00c1RMICO? &#8211; PRIMEIRA FASE Seu cora\u00e7\u00e3o anseia por liberdade, mas sua mente justifica que n\u00e3o pode, porque voc\u00ea cr\u00ea fortemente que tem motivos para merecer sofrimentos, priva\u00e7\u00f5es e puni\u00e7\u00f5es. Acredita que tem raz\u00e3o, que est\u00e1 certo, sua vida ser uma eterna subida de &hellip;<\/p>\n<p class=\"read-more\"> <a class=\"\" href=\"https:\/\/denizecolaneri.com\/?page_id=178\"> <span class=\"screen-reader-text\">RCK<\/span> Leia mais &raquo;<\/a><\/p>\n","protected":false},"author":1,"featured_media":0,"parent":4,"menu_order":0,"comment_status":"closed","ping_status":"closed","template":"","meta":{"site-sidebar-layout":"no-sidebar","site-content-layout":"page-builder","ast-global-header-display":"","ast-main-header-display":"","ast-hfb-above-header-display":"","ast-hfb-below-header-display":"","ast-hfb-mobile-header-display":"","site-post-title":"disabled","ast-breadcrumbs-content":"","ast-featured-img":"disabled","footer-sml-layout":"","theme-transparent-header-meta":"","adv-header-id-meta":"","stick-header-meta":"","header-above-stick-meta":"","header-main-stick-meta":"","header-below-stick-meta":"","footnotes":""},"class_list":["post-178","page","type-page","status-publish","hentry"],"_links":{"self":[{"href":"https:\/\/denizecolaneri.com\/index.php?rest_route=\/wp\/v2\/pages\/178"}],"collection":[{"href":"https:\/\/denizecolaneri.com\/index.php?rest_route=\/wp\/v2\/pages"}],"about":[{"href":"https:\/\/denizecolaneri.com\/index.php?rest_route=\/wp\/v2\/types\/page"}],"author":[{"embeddable":true,"href":"https:\/\/denizecolaneri.com\/index.php?rest_route=\/wp\/v2\/users\/1"}],"replies":[{"embeddable":true,"href":"https:\/\/denizecolaneri.com\/index.php?rest_route=%2Fwp%2Fv2%2Fcomments&post=178"}],"version-history":[{"count":19,"href":"https:\/\/denizecolaneri.com\/index.php?rest_route=\/wp\/v2\/pages\/178\/revisions"}],"predecessor-version":[{"id":2035,"href":"https:\/\/denizecolaneri.com\/index.php?rest_route=\/wp\/v2\/pages\/178\/revisions\/2035"}],"up":[{"embeddable":true,"href":"https:\/\/denizecolaneri.com\/index.php?rest_route=\/wp\/v2\/pages\/4"}],"wp:attachment":[{"href":"https:\/\/denizecolaneri.com\/index.php?rest_route=%2Fwp%2Fv2%2Fmedia&parent=178"}],"curies":[{"name":"wp","href":"https:\/\/api.w.org\/{rel}","templated":true}]}}