{"id":1882,"date":"2024-02-11T17:16:07","date_gmt":"2024-02-11T20:16:07","guid":{"rendered":"https:\/\/denizecolaneri.com\/?page_id=1882"},"modified":"2024-05-27T09:35:13","modified_gmt":"2024-05-27T12:35:13","slug":"formatacao-da-nova-percepcao","status":"publish","type":"page","link":"https:\/\/denizecolaneri.com\/?page_id=1882","title":{"rendered":"Formata\u00e7\u00e3o para Nova Percep\u00e7\u00e3o"},"content":{"rendered":"\t\t<div data-elementor-type=\"wp-page\" data-elementor-id=\"1882\" class=\"elementor elementor-1882\">\n\t\t\t\t\t\t\t\t\t<section class=\"elementor-section elementor-top-section elementor-element elementor-element-18dda6b elementor-section-boxed elementor-section-height-default elementor-section-height-default\" data-id=\"18dda6b\" data-element_type=\"section\">\n\t\t\t\t\t\t<div class=\"elementor-container elementor-column-gap-default\">\n\t\t\t\t\t<div class=\"elementor-column elementor-col-100 elementor-top-column elementor-element elementor-element-b402fbc\" data-id=\"b402fbc\" data-element_type=\"column\">\n\t\t\t<div class=\"elementor-widget-wrap elementor-element-populated\">\n\t\t\t\t\t\t\t\t<div class=\"elementor-element elementor-element-9889c89 elementor-widget elementor-widget-spacer\" data-id=\"9889c89\" data-element_type=\"widget\" data-widget_type=\"spacer.default\">\n\t\t\t\t<div class=\"elementor-widget-container\">\n\t\t\t<style>\/*! elementor - v3.14.0 - 26-06-2023 *\/\n.elementor-column .elementor-spacer-inner{height:var(--spacer-size)}.e-con{--container-widget-width:100%}.e-con-inner>.elementor-widget-spacer,.e-con>.elementor-widget-spacer{width:var(--container-widget-width,var(--spacer-size));--align-self:var(--container-widget-align-self,initial);--flex-shrink:0}.e-con-inner>.elementor-widget-spacer>.elementor-widget-container,.e-con-inner>.elementor-widget-spacer>.elementor-widget-container>.elementor-spacer,.e-con>.elementor-widget-spacer>.elementor-widget-container,.e-con>.elementor-widget-spacer>.elementor-widget-container>.elementor-spacer{height:100%}.e-con-inner>.elementor-widget-spacer>.elementor-widget-container>.elementor-spacer>.elementor-spacer-inner,.e-con>.elementor-widget-spacer>.elementor-widget-container>.elementor-spacer>.elementor-spacer-inner{height:var(--container-widget-height,var(--spacer-size))}<\/style>\t\t<div class=\"elementor-spacer\">\n\t\t\t<div class=\"elementor-spacer-inner\"><\/div>\n\t\t<\/div>\n\t\t\t\t<\/div>\n\t\t\t\t<\/div>\n\t\t\t\t<div class=\"elementor-element elementor-element-348dd9a elementor-widget elementor-widget-heading\" data-id=\"348dd9a\" data-element_type=\"widget\" data-widget_type=\"heading.default\">\n\t\t\t\t<div class=\"elementor-widget-container\">\n\t\t\t<style>\/*! elementor - v3.14.0 - 26-06-2023 *\/\n.elementor-heading-title{padding:0;margin:0;line-height:1}.elementor-widget-heading .elementor-heading-title[class*=elementor-size-]>a{color:inherit;font-size:inherit;line-height:inherit}.elementor-widget-heading .elementor-heading-title.elementor-size-small{font-size:15px}.elementor-widget-heading .elementor-heading-title.elementor-size-medium{font-size:19px}.elementor-widget-heading .elementor-heading-title.elementor-size-large{font-size:29px}.elementor-widget-heading .elementor-heading-title.elementor-size-xl{font-size:39px}.elementor-widget-heading .elementor-heading-title.elementor-size-xxl{font-size:59px}<\/style><h2 class=\"elementor-heading-title elementor-size-default\">Formata\u00e7\u00e3o para Nova Percep\u00e7\u00e3o<\/h2>\t\t<\/div>\n\t\t\t\t<\/div>\n\t\t\t\t<div class=\"elementor-element elementor-element-2ad8308 elementor-widget elementor-widget-text-editor\" data-id=\"2ad8308\" data-element_type=\"widget\" data-widget_type=\"text-editor.default\">\n\t\t\t\t<div class=\"elementor-widget-container\">\n\t\t\t<style>\/*! elementor - v3.14.0 - 26-06-2023 *\/\n.elementor-widget-text-editor.elementor-drop-cap-view-stacked .elementor-drop-cap{background-color:#69727d;color:#fff}.elementor-widget-text-editor.elementor-drop-cap-view-framed .elementor-drop-cap{color:#69727d;border:3px solid;background-color:transparent}.elementor-widget-text-editor:not(.elementor-drop-cap-view-default) .elementor-drop-cap{margin-top:8px}.elementor-widget-text-editor:not(.elementor-drop-cap-view-default) .elementor-drop-cap-letter{width:1em;height:1em}.elementor-widget-text-editor .elementor-drop-cap{float:left;text-align:center;line-height:1;font-size:50px}.elementor-widget-text-editor .elementor-drop-cap-letter{display:inline-block}<\/style>\t\t\t\t<p>\u00c9 um procedimento que visa transformar nossa compreens\u00e3o do mundo, que at\u00e9 ent\u00e3o foi moldado pela dualidade.<\/p><p>A<strong> Formata\u00e7\u00e3o para Nova Percep\u00e7\u00e3o<\/strong> \u00e9 uma forma de voltar ao nosso estado anterior e verdadeiro, que foi criado \u00e0 imagem e semelhan\u00e7a de Deus, livre de cren\u00e7as, da influ\u00eancia de seres involutivos e da dualidade.<br \/>A dualidade \u00e9 o que faz a viv\u00eancia humana ser tradicionalmente definida por uma an\u00e1lise cont\u00ednua de duas extremidades: a positiva e a negativa.<\/p><p>Por isso, n\u00f3s seres humanos estamos continuamente avaliando e rotulando situa\u00e7\u00f5es como boas ou ruins, felizes ou tristes, feias ou bonitas, entre outras. E para aprender a evoluir precisamos parar de julgar, e isso s\u00f3 \u00e9 poss\u00edvel quando sa\u00edmos do estado da dualidade e passamos a aprender conhecimentos mais profundos atrav\u00e9s da Unidade, da Percep\u00e7\u00e3o e da Observa\u00e7\u00e3o. E a condi\u00e7\u00e3o principal para que o planeta e os seres humanos possam evoluir e experimentar a 5\u00aa dimens\u00e3o \u00e9 saindo da dualidade, que nos mant\u00e9m aprisionados na 3\u00aa dimens\u00e3o.<br \/>Por isso, a Formata\u00e7\u00e3o da Nova Percep\u00e7\u00e3o foi criada pela terapeuta Vera Marfeza, baseada em pesquisas, atendimentos terap\u00eauticos e observa\u00e7\u00f5es do comportamento humano. Que tem o objetivo de transformar o padr\u00e3o de pensamento da dualidade em um pensamento unificado, utilizando uma abordagem de hipnose guiada. Dessa forma voc\u00ea participa ativamente na cria\u00e7\u00e3o de seus objetivos, sonhos e metas, sem ser prejudicado por julgamentos internos.<\/p><p><strong>Como funciona o processo da Formata\u00e7\u00e3o da Nova Percep\u00e7\u00e3o?<\/strong><br \/>Ele s\u00f3 pode ser feito por quem fez a Revoga\u00e7\u00e3o do Contrato K\u00e1rmico e o atendimento demora entre 1:30min e 2h pelo Skype. <br \/>No atendimento \u00e9 preciso usar o p\u00eandulo em algumas partes do procedimento. Tamb\u00e9m ser\u00e1 usado um texto para decretar as mudan\u00e7as profundas que ir\u00e3o acontecer para que possamos voltar ao nosso estado original.<\/p><p><strong>Na primeira etapa do atendimento teremos:<\/strong><\/p><p>Reunifica\u00e7\u00e3o de todos os Chakras que foram desmembrados;<br \/>Ativa\u00e7\u00e3o o Chakra Card\u00edaco (que \u00e9 o nosso chakra verdadeiro);<br \/>Ativa\u00e7\u00e3o o Merkabah (\u00e9 um corpo de luz formado por padr\u00f5es geom\u00e9tricos sagrados, que t\u00eam a capacidade de levar a mente para lugares al\u00e9m da realidade f\u00edsica);<br \/>Ativa\u00e7\u00e3o do GNA (que \u00e9 o nosso DNA verdadeiro);<br \/>Ressignifica\u00e7\u00e3o de tudo que a gente aprendeu pela dualidade (que \u00e9 um programa que faz com que a gente fique julgando tudo e a todos);<br \/>Harmoniza\u00e7\u00e3o das 4 consci\u00eancias: f\u00edsica, mental, emocional e espiritual;<br \/>Reprograma\u00e7\u00e3o dos 2 chacras extras alfa e \u00f4mega (que estiveram atrofiados por muito tempo no corpo humano).<\/p><p><strong>Na segunda etapa do atendimento<\/strong> voc\u00ea vai ordenar a transi\u00e7\u00e3o do programa da &#8220;dualidade&#8221; para o programa denominado &#8220;unidade&#8221;.<\/p>\t\t\t\t\t\t<\/div>\n\t\t\t\t<\/div>\n\t\t\t\t\t<\/div>\n\t\t<\/div>\n\t\t\t\t\t\t\t<\/div>\n\t\t<\/section>\n\t\t\t\t<section class=\"elementor-section elementor-top-section elementor-element elementor-element-be8a857 elementor-section-boxed elementor-section-height-default elementor-section-height-default\" data-id=\"be8a857\" data-element_type=\"section\">\n\t\t\t\t\t\t<div class=\"elementor-container elementor-column-gap-default\">\n\t\t\t\t\t<div class=\"elementor-column elementor-col-50 elementor-top-column elementor-element elementor-element-cee1def\" data-id=\"cee1def\" data-element_type=\"column\">\n\t\t\t<div class=\"elementor-widget-wrap elementor-element-populated\">\n\t\t\t\t\t\t\t\t<div class=\"elementor-element elementor-element-4e2a636 elementor-widget elementor-widget-image\" data-id=\"4e2a636\" data-element_type=\"widget\" data-widget_type=\"image.default\">\n\t\t\t\t<div class=\"elementor-widget-container\">\n\t\t\t<style>\/*! elementor - v3.14.0 - 26-06-2023 *\/\n.elementor-widget-image{text-align:center}.elementor-widget-image a{display:inline-block}.elementor-widget-image a img[src$=\".svg\"]{width:48px}.elementor-widget-image img{vertical-align:middle;display:inline-block}<\/style>\t\t\t\t\t\t\t\t\t\t\t\t<img loading=\"lazy\" decoding=\"async\" width=\"1024\" height=\"1024\" src=\"https:\/\/denizecolaneri.com\/wp-content\/uploads\/2023\/11\/WhatsApp-Image-2023-11-02-at-19.03.59.jpeg\" class=\"attachment-large size-large wp-image-1230\" alt=\"\" srcset=\"https:\/\/denizecolaneri.com\/wp-content\/uploads\/2023\/11\/WhatsApp-Image-2023-11-02-at-19.03.59.jpeg 1024w, https:\/\/denizecolaneri.com\/wp-content\/uploads\/2023\/11\/WhatsApp-Image-2023-11-02-at-19.03.59-300x300.jpeg 300w, https:\/\/denizecolaneri.com\/wp-content\/uploads\/2023\/11\/WhatsApp-Image-2023-11-02-at-19.03.59-150x150.jpeg 150w, https:\/\/denizecolaneri.com\/wp-content\/uploads\/2023\/11\/WhatsApp-Image-2023-11-02-at-19.03.59-768x768.jpeg 768w\" sizes=\"(max-width: 1024px) 100vw, 1024px\" \/>\t\t\t\t\t\t\t\t\t\t\t\t\t\t\t<\/div>\n\t\t\t\t<\/div>\n\t\t\t\t\t<\/div>\n\t\t<\/div>\n\t\t\t\t<div class=\"elementor-column elementor-col-50 elementor-top-column elementor-element elementor-element-7d79275\" data-id=\"7d79275\" data-element_type=\"column\">\n\t\t\t<div class=\"elementor-widget-wrap elementor-element-populated\">\n\t\t\t\t\t\t\t\t<div class=\"elementor-element elementor-element-ede9995 elementor-widget elementor-widget-heading\" data-id=\"ede9995\" data-element_type=\"widget\" data-widget_type=\"heading.default\">\n\t\t\t\t<div class=\"elementor-widget-container\">\n\t\t\t<h4 class=\"elementor-heading-title elementor-size-default\">Formata\u00e7\u00e3o para Nova Percep\u00e7\u00e3o<\/h4>\t\t<\/div>\n\t\t\t\t<\/div>\n\t\t\t\t<div class=\"elementor-element elementor-element-61526df elementor-align-center elementor-invisible elementor-widget elementor-widget-button\" data-id=\"61526df\" data-element_type=\"widget\" data-settings=\"{&quot;_animation&quot;:&quot;fadeInRight&quot;}\" data-widget_type=\"button.default\">\n\t\t\t\t<div class=\"elementor-widget-container\">\n\t\t\t\t\t<div class=\"elementor-button-wrapper\">\n\t\t\t<a class=\"elementor-button elementor-button-link elementor-size-lg elementor-animation-bounce-in\" href=\"https:\/\/pag.ae\/7-yhcf-sJ\">\n\t\t\t\t\t\t<span class=\"elementor-button-content-wrapper\">\n\t\t\t\t\t\t<span class=\"elementor-button-text\">QUERO COMPRAR<\/span>\n\t\t<\/span>\n\t\t\t\t\t<\/a>\n\t\t<\/div>\n\t\t\t\t<\/div>\n\t\t\t\t<\/div>\n\t\t\t\t\t<\/div>\n\t\t<\/div>\n\t\t\t\t\t\t\t<\/div>\n\t\t<\/section>\n\t\t\t\t<section class=\"elementor-section elementor-top-section elementor-element elementor-element-93b0089 elementor-section-boxed elementor-section-height-default elementor-section-height-default\" data-id=\"93b0089\" data-element_type=\"section\">\n\t\t\t\t\t\t<div class=\"elementor-container elementor-column-gap-default\">\n\t\t\t\t\t<div class=\"elementor-column elementor-col-100 elementor-top-column elementor-element elementor-element-571d940\" data-id=\"571d940\" data-element_type=\"column\">\n\t\t\t<div class=\"elementor-widget-wrap\">\n\t\t\t\t\t\t\t\t\t<\/div>\n\t\t<\/div>\n\t\t\t\t\t\t\t<\/div>\n\t\t<\/section>\n\t\t\t\t\t\t\t<\/div>\n\t\t","protected":false},"excerpt":{"rendered":"<p>Formata\u00e7\u00e3o para Nova Percep\u00e7\u00e3o \u00c9 um procedimento que visa transformar nossa compreens\u00e3o do mundo, que at\u00e9 ent\u00e3o foi moldado pela dualidade. A Formata\u00e7\u00e3o para Nova Percep\u00e7\u00e3o \u00e9 uma forma de voltar ao nosso estado anterior e verdadeiro, que foi criado \u00e0 imagem e semelhan\u00e7a de Deus, livre de cren\u00e7as, da influ\u00eancia de seres involutivos e &hellip;<\/p>\n<p class=\"read-more\"> <a class=\"\" href=\"https:\/\/denizecolaneri.com\/?page_id=1882\"> <span class=\"screen-reader-text\">Formata\u00e7\u00e3o para Nova Percep\u00e7\u00e3o<\/span> Leia mais &raquo;<\/a><\/p>\n","protected":false},"author":1,"featured_media":0,"parent":0,"menu_order":0,"comment_status":"closed","ping_status":"closed","template":"","meta":{"site-sidebar-layout":"no-sidebar","site-content-layout":"page-builder","ast-global-header-display":"","ast-main-header-display":"","ast-hfb-above-header-display":"","ast-hfb-below-header-display":"","ast-hfb-mobile-header-display":"","site-post-title":"disabled","ast-breadcrumbs-content":"","ast-featured-img":"disabled","footer-sml-layout":"","theme-transparent-header-meta":"","adv-header-id-meta":"","stick-header-meta":"","header-above-stick-meta":"","header-main-stick-meta":"","header-below-stick-meta":"","footnotes":""},"class_list":["post-1882","page","type-page","status-publish","hentry"],"_links":{"self":[{"href":"https:\/\/denizecolaneri.com\/index.php?rest_route=\/wp\/v2\/pages\/1882"}],"collection":[{"href":"https:\/\/denizecolaneri.com\/index.php?rest_route=\/wp\/v2\/pages"}],"about":[{"href":"https:\/\/denizecolaneri.com\/index.php?rest_route=\/wp\/v2\/types\/page"}],"author":[{"embeddable":true,"href":"https:\/\/denizecolaneri.com\/index.php?rest_route=\/wp\/v2\/users\/1"}],"replies":[{"embeddable":true,"href":"https:\/\/denizecolaneri.com\/index.php?rest_route=%2Fwp%2Fv2%2Fcomments&post=1882"}],"version-history":[{"count":17,"href":"https:\/\/denizecolaneri.com\/index.php?rest_route=\/wp\/v2\/pages\/1882\/revisions"}],"predecessor-version":[{"id":2070,"href":"https:\/\/denizecolaneri.com\/index.php?rest_route=\/wp\/v2\/pages\/1882\/revisions\/2070"}],"wp:attachment":[{"href":"https:\/\/denizecolaneri.com\/index.php?rest_route=%2Fwp%2Fv2%2Fmedia&parent=1882"}],"curies":[{"name":"wp","href":"https:\/\/api.w.org\/{rel}","templated":true}]}}