{"id":504,"date":"2023-05-27T08:53:57","date_gmt":"2023-05-27T11:53:57","guid":{"rendered":"https:\/\/denizecolaneri.com\/?page_id=504"},"modified":"2025-09-03T18:51:57","modified_gmt":"2025-09-03T21:51:57","slug":"escuta-terapeutica","status":"publish","type":"page","link":"https:\/\/denizecolaneri.com\/?page_id=504","title":{"rendered":"Escuta Terap\u00eautica"},"content":{"rendered":"\t\t<div data-elementor-type=\"wp-page\" data-elementor-id=\"504\" class=\"elementor elementor-504\">\n\t\t\t\t\t\t\t\t\t<section class=\"elementor-section elementor-top-section elementor-element elementor-element-229be8f elementor-section-boxed elementor-section-height-default elementor-section-height-default\" data-id=\"229be8f\" data-element_type=\"section\" data-settings=\"{&quot;background_background&quot;:&quot;classic&quot;}\">\n\t\t\t\t\t\t<div class=\"elementor-container elementor-column-gap-default\">\n\t\t\t\t\t<div class=\"elementor-column elementor-col-100 elementor-top-column elementor-element elementor-element-36dd7f3\" data-id=\"36dd7f3\" data-element_type=\"column\">\n\t\t\t<div class=\"elementor-widget-wrap elementor-element-populated\">\n\t\t\t\t\t\t\t\t<div class=\"elementor-element elementor-element-500fc2d elementor-widget elementor-widget-heading\" data-id=\"500fc2d\" data-element_type=\"widget\" data-widget_type=\"heading.default\">\n\t\t\t\t<div class=\"elementor-widget-container\">\n\t\t\t<style>\/*! elementor - v3.14.0 - 26-06-2023 *\/\n.elementor-heading-title{padding:0;margin:0;line-height:1}.elementor-widget-heading .elementor-heading-title[class*=elementor-size-]>a{color:inherit;font-size:inherit;line-height:inherit}.elementor-widget-heading .elementor-heading-title.elementor-size-small{font-size:15px}.elementor-widget-heading .elementor-heading-title.elementor-size-medium{font-size:19px}.elementor-widget-heading .elementor-heading-title.elementor-size-large{font-size:29px}.elementor-widget-heading .elementor-heading-title.elementor-size-xl{font-size:39px}.elementor-widget-heading .elementor-heading-title.elementor-size-xxl{font-size:59px}<\/style><h2 class=\"elementor-heading-title elementor-size-default\">Escuta Terap\u00eautica<\/h2>\t\t<\/div>\n\t\t\t\t<\/div>\n\t\t\t\t<div class=\"elementor-element elementor-element-949e53a elementor-widget elementor-widget-heading\" data-id=\"949e53a\" data-element_type=\"widget\" data-widget_type=\"heading.default\">\n\t\t\t\t<div class=\"elementor-widget-container\">\n\t\t\t<h4 class=\"elementor-heading-title elementor-size-default\">Aconselhamento terap\u00eautico para equil\u00edbrio emocional, energ\u00e9tico e autoconhecimento<\/h4>\t\t<\/div>\n\t\t\t\t<\/div>\n\t\t\t\t<div class=\"elementor-element elementor-element-c42402e elementor-widget elementor-widget-image\" data-id=\"c42402e\" data-element_type=\"widget\" data-widget_type=\"image.default\">\n\t\t\t\t<div class=\"elementor-widget-container\">\n\t\t\t<style>\/*! elementor - v3.14.0 - 26-06-2023 *\/\n.elementor-widget-image{text-align:center}.elementor-widget-image a{display:inline-block}.elementor-widget-image a img[src$=\".svg\"]{width:48px}.elementor-widget-image img{vertical-align:middle;display:inline-block}<\/style>\t\t\t\t\t\t\t\t\t\t\t\t<img loading=\"lazy\" decoding=\"async\" width=\"1024\" height=\"1024\" src=\"https:\/\/denizecolaneri.com\/wp-content\/uploads\/2023\/11\/WhatsApp-Image-2023-11-03-at-21.49.47.jpeg\" class=\"attachment-large size-large wp-image-1266\" alt=\"\" srcset=\"https:\/\/denizecolaneri.com\/wp-content\/uploads\/2023\/11\/WhatsApp-Image-2023-11-03-at-21.49.47.jpeg 1024w, https:\/\/denizecolaneri.com\/wp-content\/uploads\/2023\/11\/WhatsApp-Image-2023-11-03-at-21.49.47-300x300.jpeg 300w, https:\/\/denizecolaneri.com\/wp-content\/uploads\/2023\/11\/WhatsApp-Image-2023-11-03-at-21.49.47-150x150.jpeg 150w, https:\/\/denizecolaneri.com\/wp-content\/uploads\/2023\/11\/WhatsApp-Image-2023-11-03-at-21.49.47-768x768.jpeg 768w\" sizes=\"(max-width: 1024px) 100vw, 1024px\" \/>\t\t\t\t\t\t\t\t\t\t\t\t\t\t\t<\/div>\n\t\t\t\t<\/div>\n\t\t\t\t<div class=\"elementor-element elementor-element-ecc3d30 elementor-widget elementor-widget-text-editor\" data-id=\"ecc3d30\" data-element_type=\"widget\" data-widget_type=\"text-editor.default\">\n\t\t\t\t<div class=\"elementor-widget-container\">\n\t\t\t<style>\/*! elementor - v3.14.0 - 26-06-2023 *\/\n.elementor-widget-text-editor.elementor-drop-cap-view-stacked .elementor-drop-cap{background-color:#69727d;color:#fff}.elementor-widget-text-editor.elementor-drop-cap-view-framed .elementor-drop-cap{color:#69727d;border:3px solid;background-color:transparent}.elementor-widget-text-editor:not(.elementor-drop-cap-view-default) .elementor-drop-cap{margin-top:8px}.elementor-widget-text-editor:not(.elementor-drop-cap-view-default) .elementor-drop-cap-letter{width:1em;height:1em}.elementor-widget-text-editor .elementor-drop-cap{float:left;text-align:center;line-height:1;font-size:50px}.elementor-widget-text-editor .elementor-drop-cap-letter{display:inline-block}<\/style>\t\t\t\t<h2><strong>O que \u00e9?<\/strong><\/h2><p>A <strong>Escuta Terap\u00eautica<\/strong> \u00e9 um processo de acolhimento e autoconhecimento especialmente voltado para mulheres que desejam reencontrar seu equil\u00edbrio emocional e energ\u00e9tico.<\/p><p>Em cada sess\u00e3o, voc\u00ea ter\u00e1 um espa\u00e7o seguro, sem julgamentos, para falar sobre o que sente, refletir sobre seus desafios e transformar padr\u00f5es que limitam sua vida. Por meio da <strong>fala consciente<\/strong> e do <strong>aconselhamento terap\u00eautico<\/strong>, voc\u00ea ser\u00e1 conduzida a reconhecer suas emo\u00e7\u00f5es, compreender bloqueios e acessar recursos internos que fortalecem sua autoestima, confian\u00e7a e energia.<\/p><p>Al\u00e9m disso, voc\u00ea aprender\u00e1 <strong>t\u00e9cnicas pr\u00e1ticas de autocuidado energ\u00e9tico<\/strong>, simples e eficazes, para manter seu bem-estar no dia a dia.<\/p>\t\t\t\t\t\t<\/div>\n\t\t\t\t<\/div>\n\t\t\t\t<div class=\"elementor-element elementor-element-ecbf801 elementor-widget elementor-widget-heading\" data-id=\"ecbf801\" data-element_type=\"widget\" data-widget_type=\"heading.default\">\n\t\t\t\t<div class=\"elementor-widget-container\">\n\t\t\t<h3 class=\"elementor-heading-title elementor-size-default\">Como funciona:<\/h3>\t\t<\/div>\n\t\t\t\t<\/div>\n\t\t\t\t<div class=\"elementor-element elementor-element-2f41480 elementor-widget elementor-widget-text-editor\" data-id=\"2f41480\" data-element_type=\"widget\" data-widget_type=\"text-editor.default\">\n\t\t\t\t<div class=\"elementor-widget-container\">\n\t\t\t\t\t\t\t<ul><li><p>\u2728<strong>Formato<\/strong>: Sess\u00f5es individuais realizadas por videochamada.<br \/>\u2728<strong>Metodologia<\/strong>: Escuta ativa, comunica\u00e7\u00e3o n\u00e3o violenta e an\u00e1lise de padr\u00f5es emocionais e energ\u00e9ticos.<br \/>\u2728 <strong>Dura\u00e7\u00e3o<\/strong>: Cada sess\u00e3o tem 1 hora de dura\u00e7\u00e3o.<br \/>\u2728 <strong>Valor<\/strong>: Apenas R$ 52,00 por sess\u00e3o.<br \/>\u2728<strong>Frequ\u00eancia<\/strong>: Voc\u00ea escolhe \u2013 semanal, quinzenal ou conforme sua necessidade.<br \/>\u2728<strong>Benef\u00edcio extra<\/strong>: Quem participa da Escuta Terap\u00eautica recebe <strong>descontos exclusivos<\/strong> em todos os tratamentos energ\u00e9ticos complementares oferecidos.<\/p><\/li><\/ul>\t\t\t\t\t\t<\/div>\n\t\t\t\t<\/div>\n\t\t\t\t<div class=\"elementor-element elementor-element-e956502 elementor-align-center elementor-invisible elementor-widget elementor-widget-button\" data-id=\"e956502\" data-element_type=\"widget\" data-settings=\"{&quot;_animation&quot;:&quot;slideInDown&quot;}\" data-widget_type=\"button.default\">\n\t\t\t\t<div class=\"elementor-widget-container\">\n\t\t\t\t\t<div class=\"elementor-button-wrapper\">\n\t\t\t<a class=\"elementor-button elementor-button-link elementor-size-lg elementor-animation-pulse\" href=\"https:\/\/pag.ae\/7-yhdZcHR\">\n\t\t\t\t\t\t<span class=\"elementor-button-content-wrapper\">\n\t\t\t\t\t\t<span class=\"elementor-button-text\">QUERO COMPRAR<\/span>\n\t\t<\/span>\n\t\t\t\t\t<\/a>\n\t\t<\/div>\n\t\t\t\t<\/div>\n\t\t\t\t<\/div>\n\t\t\t\t<div class=\"elementor-element elementor-element-79b734e elementor-widget elementor-widget-text-editor\" data-id=\"79b734e\" data-element_type=\"widget\" data-widget_type=\"text-editor.default\">\n\t\t\t\t<div class=\"elementor-widget-container\">\n\t\t\t\t\t\t\t<h2><strong>Benef\u00edcios da Escuta Terap\u00eautica<\/strong><\/h2><p>\u2705 Libera\u00e7\u00e3o de padr\u00f5es negativos e cren\u00e7as limitantes.<br \/>\u2705 Mais clareza emocional e espiritual para tomar decis\u00f5es conscientes.<br \/>\u2705 Resgate da autoconfian\u00e7a e fortalecimento da autoestima.<br \/>\u2705 Equil\u00edbrio energ\u00e9tico para lidar melhor com os desafios di\u00e1rios.<br \/>\u2705 Melhoria da comunica\u00e7\u00e3o e dos relacionamentos.<br \/>\u2705 Aprendizado de pr\u00e1ticas simples para manter sua energia elevada e protegida.<\/p>\t\t\t\t\t\t<\/div>\n\t\t\t\t<\/div>\n\t\t\t\t<div class=\"elementor-element elementor-element-577eaf8 elementor-widget elementor-widget-text-editor\" data-id=\"577eaf8\" data-element_type=\"widget\" data-widget_type=\"text-editor.default\">\n\t\t\t\t<div class=\"elementor-widget-container\">\n\t\t\t\t\t\t\t<h2><strong>O que voc\u00ea vai vivenciar<\/strong><\/h2><p>\ud83c\udf38 <strong>Cura pela Fala Consciente<\/strong> \u2013 Falar sobre sentimentos e padr\u00f5es emocionais permite liberar dores e cren\u00e7as que limitam sua vida.<br \/>\ud83c\udf38 <strong>Escuta Ativa<\/strong> \u2013 Um espa\u00e7o acolhedor e seguro, onde voc\u00ea ser\u00e1 ouvida com aten\u00e7\u00e3o genu\u00edna.<br \/>\ud83c\udf38 <strong>Comunica\u00e7\u00e3o N\u00e3o Violenta<\/strong> \u2013 Aprimore sua forma de se comunicar consigo mesma e com os outros, fortalecendo v\u00ednculos.<br \/>\ud83c\udf38 <strong>Harmoniza\u00e7\u00e3o Energ\u00e9tica<\/strong> \u2013 Identifica\u00e7\u00e3o e reequil\u00edbrio de bloqueios emocionais e vibracionais.<br \/>\ud83c\udf38 <strong>Autoconhecimento e Redirecionamento<\/strong> \u2013 Entenda os padr\u00f5es que travam seu progresso e descubra novos caminhos.<br \/>\ud83c\udf38 <strong>T\u00e9cnicas de Autocuidado Energ\u00e9tico<\/strong> \u2013 Ferramentas simples para manter sua energia forte, equilibrada e protegida.<\/p>\t\t\t\t\t\t<\/div>\n\t\t\t\t<\/div>\n\t\t\t\t<div class=\"elementor-element elementor-element-fb86eb7 elementor-widget elementor-widget-text-editor\" data-id=\"fb86eb7\" data-element_type=\"widget\" data-widget_type=\"text-editor.default\">\n\t\t\t\t<div class=\"elementor-widget-container\">\n\t\t\t\t\t\t\t<h2><strong>Sess\u00f5es Complementares (com desconto especial para participantes)<\/strong><\/h2><p>Se desejar aprofundar seu processo, voc\u00ea pode complementar seu atendimento com terapias energ\u00e9ticas:<br \/>\u2728 Rescis\u00e3o de Contrato K\u00e1rmico<br \/>\u2728 Radiestesia Terap\u00eautica<br \/>\u2728 Magia do Fogo para Transmuta\u00e7\u00e3o Energ\u00e9tica<br \/>\u2728 Mesa Qu\u00e2ntica Estelar<br \/>\u2728 Div\u00f3rcio Energ\u00e9tico<\/p>\t\t\t\t\t\t<\/div>\n\t\t\t\t<\/div>\n\t\t\t\t<div class=\"elementor-element elementor-element-ff0001a elementor-widget elementor-widget-text-editor\" data-id=\"ff0001a\" data-element_type=\"widget\" data-widget_type=\"text-editor.default\">\n\t\t\t\t<div class=\"elementor-widget-container\">\n\t\t\t\t\t\t\t<p>\ud83c\udf37 <strong>A Escuta Terap\u00eautica \u00e9 para voc\u00ea que sente que precisa de apoio, clareza e energia para transformar sua vida.<br \/><\/strong>\u00c9 a oportunidade de investir em si mesma e conquistar equil\u00edbrio, bem-estar e autoconhecimento em um processo acess\u00edvel, profundo e transformador.<\/p><p><strong>Vamos dar esse passo juntas?<\/strong><\/p>\t\t\t\t\t\t<\/div>\n\t\t\t\t<\/div>\n\t\t\t\t<div class=\"elementor-element elementor-element-b0147b3 elementor-widget elementor-widget-text-editor\" data-id=\"b0147b3\" data-element_type=\"widget\" data-widget_type=\"text-editor.default\">\n\t\t\t\t<div class=\"elementor-widget-container\">\n\t\t\t\t\t\t\t<h2><strong>Agende Sua Sess\u00e3o<\/strong><\/h2><p>\ud83c\udf38 Os atendimentos s\u00e3o agendados conforme disponibilidade.<br \/>\ud83d\udcb3 O pagamento deve ser feito antecipadamente para confirmar a sess\u00e3o.<br \/>\ud83d\udd04 Reagendamentos podem ser feitos com aviso pr\u00e9vio.<br \/>\u274c Cancelamentos sem aviso n\u00e3o s\u00e3o reembols\u00e1veis.<\/p>\t\t\t\t\t\t<\/div>\n\t\t\t\t<\/div>\n\t\t\t\t<div class=\"elementor-element elementor-element-dc28c31 elementor-widget elementor-widget-image\" data-id=\"dc28c31\" data-element_type=\"widget\" data-widget_type=\"image.default\">\n\t\t\t\t<div class=\"elementor-widget-container\">\n\t\t\t\t\t\t\t\t\t\t\t\t\t\t\t<img loading=\"lazy\" decoding=\"async\" width=\"1024\" height=\"1024\" src=\"https:\/\/denizecolaneri.com\/wp-content\/uploads\/2023\/11\/WhatsApp-Image-2023-11-03-at-21.49.19.jpeg\" class=\"attachment-large size-large wp-image-1267\" alt=\"\" srcset=\"https:\/\/denizecolaneri.com\/wp-content\/uploads\/2023\/11\/WhatsApp-Image-2023-11-03-at-21.49.19.jpeg 1024w, https:\/\/denizecolaneri.com\/wp-content\/uploads\/2023\/11\/WhatsApp-Image-2023-11-03-at-21.49.19-300x300.jpeg 300w, https:\/\/denizecolaneri.com\/wp-content\/uploads\/2023\/11\/WhatsApp-Image-2023-11-03-at-21.49.19-150x150.jpeg 150w, https:\/\/denizecolaneri.com\/wp-content\/uploads\/2023\/11\/WhatsApp-Image-2023-11-03-at-21.49.19-768x768.jpeg 768w\" sizes=\"(max-width: 1024px) 100vw, 1024px\" \/>\t\t\t\t\t\t\t\t\t\t\t\t\t\t\t<\/div>\n\t\t\t\t<\/div>\n\t\t\t\t<div class=\"elementor-element elementor-element-89926f8 elementor-widget elementor-widget-text-editor\" data-id=\"89926f8\" data-element_type=\"widget\" data-widget_type=\"text-editor.default\">\n\t\t\t\t<div class=\"elementor-widget-container\">\n\t\t\t\t\t\t\t<p>\ud83d\udcac WhatsApp: <strong>(12) 98871-7077<br \/>\ud83d\udcf8 Instagram: @denize.colaneri.terapeuta<br \/><\/strong><\/p><p>\u00a0<\/p>\t\t\t\t\t\t<\/div>\n\t\t\t\t<\/div>\n\t\t\t\t\t<\/div>\n\t\t<\/div>\n\t\t\t\t\t\t\t<\/div>\n\t\t<\/section>\n\t\t\t\t<section class=\"elementor-section elementor-top-section elementor-element elementor-element-cc6c707 elementor-section-boxed elementor-section-height-default elementor-section-height-default\" data-id=\"cc6c707\" data-element_type=\"section\">\n\t\t\t\t\t\t<div class=\"elementor-container elementor-column-gap-default\">\n\t\t\t\t\t<div class=\"elementor-column elementor-col-100 elementor-top-column elementor-element elementor-element-d578d73\" data-id=\"d578d73\" data-element_type=\"column\">\n\t\t\t<div class=\"elementor-widget-wrap\">\n\t\t\t\t\t\t\t\t\t<\/div>\n\t\t<\/div>\n\t\t\t\t\t\t\t<\/div>\n\t\t<\/section>\n\t\t\t\t\t\t\t<\/div>\n\t\t","protected":false},"excerpt":{"rendered":"<p>Escuta Terap\u00eautica Aconselhamento terap\u00eautico para equil\u00edbrio emocional, energ\u00e9tico e autoconhecimento O que \u00e9? A Escuta Terap\u00eautica \u00e9 um processo de acolhimento e autoconhecimento especialmente voltado para mulheres que desejam reencontrar seu equil\u00edbrio emocional e energ\u00e9tico. Em cada sess\u00e3o, voc\u00ea ter\u00e1 um espa\u00e7o seguro, sem julgamentos, para falar sobre o que sente, refletir sobre seus desafios &hellip;<\/p>\n<p class=\"read-more\"> <a class=\"\" href=\"https:\/\/denizecolaneri.com\/?page_id=504\"> <span class=\"screen-reader-text\">Escuta Terap\u00eautica<\/span> Leia mais &raquo;<\/a><\/p>\n","protected":false},"author":1,"featured_media":0,"parent":0,"menu_order":0,"comment_status":"closed","ping_status":"closed","template":"","meta":{"site-sidebar-layout":"no-sidebar","site-content-layout":"page-builder","ast-global-header-display":"","ast-main-header-display":"","ast-hfb-above-header-display":"","ast-hfb-below-header-display":"","ast-hfb-mobile-header-display":"","site-post-title":"disabled","ast-breadcrumbs-content":"","ast-featured-img":"disabled","footer-sml-layout":"","theme-transparent-header-meta":"","adv-header-id-meta":"","stick-header-meta":"","header-above-stick-meta":"","header-main-stick-meta":"","header-below-stick-meta":"","footnotes":""},"class_list":["post-504","page","type-page","status-publish","hentry"],"_links":{"self":[{"href":"https:\/\/denizecolaneri.com\/index.php?rest_route=\/wp\/v2\/pages\/504"}],"collection":[{"href":"https:\/\/denizecolaneri.com\/index.php?rest_route=\/wp\/v2\/pages"}],"about":[{"href":"https:\/\/denizecolaneri.com\/index.php?rest_route=\/wp\/v2\/types\/page"}],"author":[{"embeddable":true,"href":"https:\/\/denizecolaneri.com\/index.php?rest_route=\/wp\/v2\/users\/1"}],"replies":[{"embeddable":true,"href":"https:\/\/denizecolaneri.com\/index.php?rest_route=%2Fwp%2Fv2%2Fcomments&post=504"}],"version-history":[{"count":61,"href":"https:\/\/denizecolaneri.com\/index.php?rest_route=\/wp\/v2\/pages\/504\/revisions"}],"predecessor-version":[{"id":2289,"href":"https:\/\/denizecolaneri.com\/index.php?rest_route=\/wp\/v2\/pages\/504\/revisions\/2289"}],"wp:attachment":[{"href":"https:\/\/denizecolaneri.com\/index.php?rest_route=%2Fwp%2Fv2%2Fmedia&parent=504"}],"curies":[{"name":"wp","href":"https:\/\/api.w.org\/{rel}","templated":true}]}}