{"id":781,"date":"2023-06-26T07:43:10","date_gmt":"2023-06-26T10:43:10","guid":{"rendered":"https:\/\/denizecolaneri.com\/?page_id=781"},"modified":"2024-05-27T09:36:47","modified_gmt":"2024-05-27T12:36:47","slug":"mesa-quantica-estelar","status":"publish","type":"page","link":"https:\/\/denizecolaneri.com\/?page_id=781","title":{"rendered":"Mesa Qu\u00e2ntica Estelar"},"content":{"rendered":"\t\t<div data-elementor-type=\"wp-page\" data-elementor-id=\"781\" class=\"elementor elementor-781\">\n\t\t\t\t\t\t\t\t\t<section class=\"elementor-section elementor-top-section elementor-element elementor-element-a4f4153 elementor-section-boxed elementor-section-height-default elementor-section-height-default\" data-id=\"a4f4153\" data-element_type=\"section\" data-settings=\"{&quot;background_background&quot;:&quot;classic&quot;}\">\n\t\t\t\t\t\t<div class=\"elementor-container elementor-column-gap-default\">\n\t\t\t\t\t<div class=\"elementor-column elementor-col-100 elementor-top-column elementor-element elementor-element-4604ee2\" data-id=\"4604ee2\" data-element_type=\"column\" data-settings=\"{&quot;background_background&quot;:&quot;classic&quot;}\">\n\t\t\t<div class=\"elementor-widget-wrap elementor-element-populated\">\n\t\t\t\t\t\t\t\t<div class=\"elementor-element elementor-element-8dcc3df elementor-widget elementor-widget-heading\" data-id=\"8dcc3df\" data-element_type=\"widget\" data-widget_type=\"heading.default\">\n\t\t\t\t<div class=\"elementor-widget-container\">\n\t\t\t<style>\/*! elementor - v3.14.0 - 26-06-2023 *\/\n.elementor-heading-title{padding:0;margin:0;line-height:1}.elementor-widget-heading .elementor-heading-title[class*=elementor-size-]>a{color:inherit;font-size:inherit;line-height:inherit}.elementor-widget-heading .elementor-heading-title.elementor-size-small{font-size:15px}.elementor-widget-heading .elementor-heading-title.elementor-size-medium{font-size:19px}.elementor-widget-heading .elementor-heading-title.elementor-size-large{font-size:29px}.elementor-widget-heading .elementor-heading-title.elementor-size-xl{font-size:39px}.elementor-widget-heading .elementor-heading-title.elementor-size-xxl{font-size:59px}<\/style><h2 class=\"elementor-heading-title elementor-size-default\">MQE - Mesa Qu\u00e2ntica Estelar<\/h2>\t\t<\/div>\n\t\t\t\t<\/div>\n\t\t\t\t<div class=\"elementor-element elementor-element-6dabe0e elementor-widget elementor-widget-video\" data-id=\"6dabe0e\" data-element_type=\"widget\" data-settings=\"{&quot;youtube_url&quot;:&quot;https:\\\/\\\/youtu.be\\\/GHYiTRghSLM&quot;,&quot;video_type&quot;:&quot;youtube&quot;,&quot;controls&quot;:&quot;yes&quot;}\" data-widget_type=\"video.default\">\n\t\t\t\t<div class=\"elementor-widget-container\">\n\t\t\t<style>\/*! elementor - v3.14.0 - 26-06-2023 *\/\n.elementor-widget-video .elementor-widget-container{overflow:hidden;transform:translateZ(0)}.elementor-widget-video .elementor-wrapper{aspect-ratio:var(--video-aspect-ratio)}.elementor-widget-video .elementor-wrapper iframe,.elementor-widget-video .elementor-wrapper video{height:100%;width:100%;display:flex;border:none;background-color:#000}@supports not (aspect-ratio:1\/1){.elementor-widget-video .elementor-wrapper{position:relative;overflow:hidden;height:0;padding-bottom:calc(100% \/ var(--video-aspect-ratio))}.elementor-widget-video .elementor-wrapper iframe,.elementor-widget-video .elementor-wrapper video{position:absolute;top:0;right:0;bottom:0;left:0}}.elementor-widget-video .elementor-open-inline .elementor-custom-embed-image-overlay{position:absolute;top:0;left:0;width:100%;height:100%;background-size:cover;background-position:50%}.elementor-widget-video .elementor-custom-embed-image-overlay{cursor:pointer;text-align:center}.elementor-widget-video .elementor-custom-embed-image-overlay:hover .elementor-custom-embed-play i{opacity:1}.elementor-widget-video .elementor-custom-embed-image-overlay img{display:block;width:100%}.elementor-widget-video .e-hosted-video .elementor-video{-o-object-fit:cover;object-fit:cover}.e-con-inner>.elementor-widget-video,.e-con>.elementor-widget-video{width:var(--container-widget-width);--flex-grow:var(--container-widget-flex-grow)}<\/style>\t\t<div class=\"elementor-wrapper elementor-open-inline\">\n\t\t\t<div class=\"elementor-video\"><\/div>\t\t<\/div>\n\t\t\t\t<\/div>\n\t\t\t\t<\/div>\n\t\t\t\t<div class=\"elementor-element elementor-element-3a98c6e elementor-widget elementor-widget-text-editor\" data-id=\"3a98c6e\" data-element_type=\"widget\" data-widget_type=\"text-editor.default\">\n\t\t\t\t<div class=\"elementor-widget-container\">\n\t\t\t<style>\/*! elementor - v3.14.0 - 26-06-2023 *\/\n.elementor-widget-text-editor.elementor-drop-cap-view-stacked .elementor-drop-cap{background-color:#69727d;color:#fff}.elementor-widget-text-editor.elementor-drop-cap-view-framed .elementor-drop-cap{color:#69727d;border:3px solid;background-color:transparent}.elementor-widget-text-editor:not(.elementor-drop-cap-view-default) .elementor-drop-cap{margin-top:8px}.elementor-widget-text-editor:not(.elementor-drop-cap-view-default) .elementor-drop-cap-letter{width:1em;height:1em}.elementor-widget-text-editor .elementor-drop-cap{float:left;text-align:center;line-height:1;font-size:50px}.elementor-widget-text-editor .elementor-drop-cap-letter{display:inline-block}<\/style>\t\t\t\t<p><strong>Imagine como seria viver em sintonia com o universo, harmonizando os desequil\u00edbrios que afetam sua vida?<\/strong><\/p><p>A resposta est\u00e1 na MQE &#8211; <strong>Mesa Qu\u00e2ntica Estelar<\/strong>, uma ferramenta terap\u00eautica poderosa que utiliza a energia qu\u00e2ntica para transformar sua jornada de vida.<\/p><p>Imagine uma mesa composta por s\u00edmbolos, cores e n\u00fameros que representam as diversas Dimens\u00f5es da realidade e as for\u00e7as c\u00f3smicas que regem nossas vidas.<\/p><p>Agora, visualize uma terapeuta habilidosa usando um p\u00eandulo para ler sua energia, identificando os pontos que precisam de equil\u00edbrio. Isso \u00e9 a <strong>Mesa Qu\u00e2ntica Estelar<\/strong> em a\u00e7\u00e3o!<\/p><p>Este m\u00e9todo \u00fanico combina radiestesia, que \u00e9 a capacidade de captar vibra\u00e7\u00f5es, e radi\u00f4nica, que \u00e9 a habilidade de emitir frequ\u00eancias de cura.<\/p><p>Com ela, podemos tratar v\u00e1rios aspectos de sua vida, desde sa\u00fade e relacionamentos \u00e0 prosperidade e espiritualidade, miss\u00e3o de vida. Bloqueios, traumas, medos e cren\u00e7as limitantes, la\u00e7os c\u00e1rmicos .<\/p><p>Al\u00e9m disso, ela tem o poder de atrair as energias positivas que favorecem o bem-estar, a felicidade, o amor e a abund\u00e2ncia.<\/p><p>Imagine-se vivendo em uma frequ\u00eancia vibracional elevada, atraindo o melhor para sua vida!<\/p><p>A<strong> Mesa Qu\u00e2ntica Estelar<\/strong> tamb\u00e9m \u00e9 uma ferramenta de expans\u00e3o de consci\u00eancia. Ela pode ajudar na comunica\u00e7\u00e3o com Seres de Luz e Mestres Ascensionados que guiam nossa jornada evolutiva.<\/p><p>Se voc\u00ea deseja uma transforma\u00e7\u00e3o profunda e positiva em sua vida, entre em contato comigo para agendar uma sess\u00e3o. Estou aqui para orient\u00e1-la e acompanh\u00e1-la nesse processo de renova\u00e7\u00e3o.<\/p><p>N\u00e3o perca a oportunidade de elevar sua frequ\u00eancia vibracional e criar a realidade que merece!<\/p><p>Lembre-se, voc\u00ea pode receber uma sess\u00e3o por m\u00eas para manter sua frequ\u00eancia vibracional alta. Invista em si mesma e deixe que a Mesa Qu\u00e2ntica Estelar ilumine seu caminho.<\/p><p><strong>Sinta-se \u00e0 vontade para me contatar a qualquer momento. Sua jornada de transforma\u00e7\u00e3o come\u00e7a agora!<\/strong><\/p>\t\t\t\t\t\t<\/div>\n\t\t\t\t<\/div>\n\t\t\t\t<div class=\"elementor-element elementor-element-f423eea elementor-align-center elementor-invisible elementor-widget elementor-widget-button\" data-id=\"f423eea\" data-element_type=\"widget\" data-settings=\"{&quot;_animation&quot;:&quot;slideInDown&quot;}\" data-widget_type=\"button.default\">\n\t\t\t\t<div class=\"elementor-widget-container\">\n\t\t\t\t\t<div class=\"elementor-button-wrapper\">\n\t\t\t<a class=\"elementor-button elementor-button-link elementor-size-lg elementor-animation-pulse\" href=\"https:\/\/pag.ae\/7-yhd1Kwa\">\n\t\t\t\t\t\t<span class=\"elementor-button-content-wrapper\">\n\t\t\t\t\t\t<span class=\"elementor-button-text\">QUERO COMPRAR<\/span>\n\t\t<\/span>\n\t\t\t\t\t<\/a>\n\t\t<\/div>\n\t\t\t\t<\/div>\n\t\t\t\t<\/div>\n\t\t\t\t<section class=\"elementor-section elementor-inner-section elementor-element elementor-element-73eb0a3 elementor-section-boxed elementor-section-height-default elementor-section-height-default\" data-id=\"73eb0a3\" data-element_type=\"section\" data-settings=\"{&quot;background_background&quot;:&quot;classic&quot;}\">\n\t\t\t\t\t\t<div class=\"elementor-container elementor-column-gap-default\">\n\t\t\t\t\t<div class=\"elementor-column elementor-col-100 elementor-inner-column elementor-element elementor-element-76bb27f\" data-id=\"76bb27f\" data-element_type=\"column\">\n\t\t\t<div class=\"elementor-widget-wrap elementor-element-populated\">\n\t\t\t\t\t\t\t\t<div class=\"elementor-element elementor-element-0773d0f elementor-widget elementor-widget-image\" data-id=\"0773d0f\" data-element_type=\"widget\" data-widget_type=\"image.default\">\n\t\t\t\t<div class=\"elementor-widget-container\">\n\t\t\t<style>\/*! elementor - v3.14.0 - 26-06-2023 *\/\n.elementor-widget-image{text-align:center}.elementor-widget-image a{display:inline-block}.elementor-widget-image a img[src$=\".svg\"]{width:48px}.elementor-widget-image img{vertical-align:middle;display:inline-block}<\/style>\t\t\t\t\t\t\t\t\t\t\t\t<img loading=\"lazy\" decoding=\"async\" width=\"768\" height=\"470\" src=\"https:\/\/denizecolaneri.com\/wp-content\/uploads\/2023\/10\/WhatsApp-Image-2023-10-24-at-15.18.074-e1698442812913-768x470.jpeg\" class=\"attachment-medium_large size-medium_large wp-image-1097\" alt=\"\" srcset=\"https:\/\/denizecolaneri.com\/wp-content\/uploads\/2023\/10\/WhatsApp-Image-2023-10-24-at-15.18.074-e1698442812913-768x470.jpeg 768w, https:\/\/denizecolaneri.com\/wp-content\/uploads\/2023\/10\/WhatsApp-Image-2023-10-24-at-15.18.074-e1698442812913-300x183.jpeg 300w, https:\/\/denizecolaneri.com\/wp-content\/uploads\/2023\/10\/WhatsApp-Image-2023-10-24-at-15.18.074-e1698442812913.jpeg 1024w\" sizes=\"(max-width: 768px) 100vw, 768px\" \/>\t\t\t\t\t\t\t\t\t\t\t\t\t\t\t<\/div>\n\t\t\t\t<\/div>\n\t\t\t\t\t<\/div>\n\t\t<\/div>\n\t\t\t\t\t\t\t<\/div>\n\t\t<\/section>\n\t\t\t\t\t<\/div>\n\t\t<\/div>\n\t\t\t\t\t\t\t<\/div>\n\t\t<\/section>\n\t\t\t\t<section class=\"elementor-section elementor-top-section elementor-element elementor-element-aeb603d elementor-section-boxed elementor-section-height-default elementor-section-height-default\" data-id=\"aeb603d\" data-element_type=\"section\">\n\t\t\t\t\t\t<div class=\"elementor-container elementor-column-gap-default\">\n\t\t\t\t\t<div class=\"elementor-column elementor-col-100 elementor-top-column elementor-element elementor-element-e8f30cb\" data-id=\"e8f30cb\" data-element_type=\"column\">\n\t\t\t<div class=\"elementor-widget-wrap elementor-element-populated\">\n\t\t\t\t\t\t\t\t<div class=\"elementor-element elementor-element-71f9794 elementor-widget elementor-widget-image\" data-id=\"71f9794\" data-element_type=\"widget\" data-widget_type=\"image.default\">\n\t\t\t\t<div class=\"elementor-widget-container\">\n\t\t\t\t\t\t\t\t\t\t\t\t\t\t\t<img loading=\"lazy\" decoding=\"async\" width=\"1024\" height=\"1024\" src=\"https:\/\/denizecolaneri.com\/wp-content\/uploads\/2023\/11\/WhatsApp-Image-2023-11-02-at-16.00.15.jpeg\" class=\"attachment-large size-large wp-image-1225\" alt=\"\" srcset=\"https:\/\/denizecolaneri.com\/wp-content\/uploads\/2023\/11\/WhatsApp-Image-2023-11-02-at-16.00.15.jpeg 1024w, https:\/\/denizecolaneri.com\/wp-content\/uploads\/2023\/11\/WhatsApp-Image-2023-11-02-at-16.00.15-300x300.jpeg 300w, https:\/\/denizecolaneri.com\/wp-content\/uploads\/2023\/11\/WhatsApp-Image-2023-11-02-at-16.00.15-150x150.jpeg 150w, https:\/\/denizecolaneri.com\/wp-content\/uploads\/2023\/11\/WhatsApp-Image-2023-11-02-at-16.00.15-768x768.jpeg 768w\" sizes=\"(max-width: 1024px) 100vw, 1024px\" \/>\t\t\t\t\t\t\t\t\t\t\t\t\t\t\t<\/div>\n\t\t\t\t<\/div>\n\t\t\t\t\t<\/div>\n\t\t<\/div>\n\t\t\t\t\t\t\t<\/div>\n\t\t<\/section>\n\t\t\t\t<section class=\"elementor-section elementor-top-section elementor-element elementor-element-3589202 elementor-section-boxed elementor-section-height-default elementor-section-height-default\" data-id=\"3589202\" data-element_type=\"section\" data-settings=\"{&quot;background_background&quot;:&quot;classic&quot;}\">\n\t\t\t\t\t\t<div class=\"elementor-container elementor-column-gap-default\">\n\t\t\t\t\t<div class=\"elementor-column elementor-col-100 elementor-top-column elementor-element elementor-element-8849427\" data-id=\"8849427\" data-element_type=\"column\">\n\t\t\t<div class=\"elementor-widget-wrap elementor-element-populated\">\n\t\t\t\t\t\t\t\t<div class=\"elementor-element elementor-element-2047103 elementor-widget elementor-widget-heading\" data-id=\"2047103\" data-element_type=\"widget\" data-widget_type=\"heading.default\">\n\t\t\t\t<div class=\"elementor-widget-container\">\n\t\t\t<h2 class=\"elementor-heading-title elementor-size-default\">Depoimentos:<\/h2>\t\t<\/div>\n\t\t\t\t<\/div>\n\t\t\t\t<div class=\"elementor-element elementor-element-ab39cf5 elementor-arrows-position-outside elementor-pagination-position-outside elementor-widget elementor-widget-image-carousel\" data-id=\"ab39cf5\" data-element_type=\"widget\" data-settings=\"{&quot;slides_to_show&quot;:&quot;3&quot;,&quot;slides_to_scroll&quot;:&quot;2&quot;,&quot;navigation&quot;:&quot;both&quot;,&quot;autoplay&quot;:&quot;yes&quot;,&quot;pause_on_hover&quot;:&quot;yes&quot;,&quot;pause_on_interaction&quot;:&quot;yes&quot;,&quot;autoplay_speed&quot;:5000,&quot;infinite&quot;:&quot;yes&quot;,&quot;speed&quot;:500,&quot;image_spacing_custom&quot;:{&quot;unit&quot;:&quot;px&quot;,&quot;size&quot;:20,&quot;sizes&quot;:[]},&quot;image_spacing_custom_tablet&quot;:{&quot;unit&quot;:&quot;px&quot;,&quot;size&quot;:&quot;&quot;,&quot;sizes&quot;:[]},&quot;image_spacing_custom_mobile&quot;:{&quot;unit&quot;:&quot;px&quot;,&quot;size&quot;:&quot;&quot;,&quot;sizes&quot;:[]}}\" data-widget_type=\"image-carousel.default\">\n\t\t\t\t<div class=\"elementor-widget-container\">\n\t\t\t<style>\/*! elementor - v3.14.0 - 26-06-2023 *\/\n.elementor-widget-image-carousel .swiper,.elementor-widget-image-carousel .swiper-container{position:static}.elementor-widget-image-carousel .swiper-container .swiper-slide figure,.elementor-widget-image-carousel .swiper .swiper-slide figure{line-height:inherit}.elementor-widget-image-carousel .swiper-slide{text-align:center}.elementor-image-carousel-wrapper:not(.swiper-container-initialized):not(.swiper-initialized) .swiper-slide{max-width:calc(100% \/ var(--e-image-carousel-slides-to-show, 3))}<\/style>\t\t<div class=\"elementor-image-carousel-wrapper swiper\" dir=\"ltr\">\n\t\t\t<div class=\"elementor-image-carousel swiper-wrapper\" aria-live=\"off\">\n\t\t\t\t\t\t\t\t<div class=\"swiper-slide\" role=\"group\" aria-roledescription=\"slide\" aria-label=\"1 of 2\"><figure class=\"swiper-slide-inner\"><img decoding=\"async\" class=\"swiper-slide-image\" src=\"https:\/\/denizecolaneri.com\/wp-content\/uploads\/2023\/10\/WhatsApp-Image-2023-10-28-at-14.47.02-e1698602842325.jpeg\" alt=\"WhatsApp Image 2023-10-28 at 14.47.02\" \/><\/figure><\/div><div class=\"swiper-slide\" role=\"group\" aria-roledescription=\"slide\" aria-label=\"2 of 2\"><figure class=\"swiper-slide-inner\"><img decoding=\"async\" class=\"swiper-slide-image\" src=\"https:\/\/denizecolaneri.com\/wp-content\/uploads\/2023\/10\/depoimento.png\" alt=\"depoimento\" \/><\/figure><\/div>\t\t\t<\/div>\n\t\t\t\t\t\t\t\t\t\t\t\t<div class=\"elementor-swiper-button elementor-swiper-button-prev\" role=\"button\" tabindex=\"0\">\n\t\t\t\t\t\t<i aria-hidden=\"true\" class=\"eicon-chevron-left\"><\/i>\t\t\t\t\t<\/div>\n\t\t\t\t\t<div class=\"elementor-swiper-button elementor-swiper-button-next\" role=\"button\" tabindex=\"0\">\n\t\t\t\t\t\t<i aria-hidden=\"true\" class=\"eicon-chevron-right\"><\/i>\t\t\t\t\t<\/div>\n\t\t\t\t\n\t\t\t\t\t\t\t\t\t<div class=\"swiper-pagination\"><\/div>\n\t\t\t\t\t\t\t\t\t<\/div>\n\t\t\t\t<\/div>\n\t\t\t\t<\/div>\n\t\t\t\t\t<\/div>\n\t\t<\/div>\n\t\t\t\t\t\t\t<\/div>\n\t\t<\/section>\n\t\t\t\t\t\t\t<\/div>\n\t\t","protected":false},"excerpt":{"rendered":"<p>MQE &#8211; Mesa Qu\u00e2ntica Estelar https:\/\/youtu.be\/GHYiTRghSLM Imagine como seria viver em sintonia com o universo, harmonizando os desequil\u00edbrios que afetam sua vida? A resposta est\u00e1 na MQE &#8211; Mesa Qu\u00e2ntica Estelar, uma ferramenta terap\u00eautica poderosa que utiliza a energia qu\u00e2ntica para transformar sua jornada de vida. Imagine uma mesa composta por s\u00edmbolos, cores e n\u00fameros &hellip;<\/p>\n<p class=\"read-more\"> <a class=\"\" href=\"https:\/\/denizecolaneri.com\/?page_id=781\"> <span class=\"screen-reader-text\">Mesa Qu\u00e2ntica Estelar<\/span> Leia mais &raquo;<\/a><\/p>\n","protected":false},"author":1,"featured_media":0,"parent":0,"menu_order":0,"comment_status":"closed","ping_status":"closed","template":"","meta":{"site-sidebar-layout":"no-sidebar","site-content-layout":"page-builder","ast-global-header-display":"","ast-main-header-display":"","ast-hfb-above-header-display":"","ast-hfb-below-header-display":"","ast-hfb-mobile-header-display":"","site-post-title":"disabled","ast-breadcrumbs-content":"","ast-featured-img":"disabled","footer-sml-layout":"","theme-transparent-header-meta":"","adv-header-id-meta":"","stick-header-meta":"","header-above-stick-meta":"","header-main-stick-meta":"","header-below-stick-meta":"","footnotes":""},"class_list":["post-781","page","type-page","status-publish","hentry"],"_links":{"self":[{"href":"https:\/\/denizecolaneri.com\/index.php?rest_route=\/wp\/v2\/pages\/781"}],"collection":[{"href":"https:\/\/denizecolaneri.com\/index.php?rest_route=\/wp\/v2\/pages"}],"about":[{"href":"https:\/\/denizecolaneri.com\/index.php?rest_route=\/wp\/v2\/types\/page"}],"author":[{"embeddable":true,"href":"https:\/\/denizecolaneri.com\/index.php?rest_route=\/wp\/v2\/users\/1"}],"replies":[{"embeddable":true,"href":"https:\/\/denizecolaneri.com\/index.php?rest_route=%2Fwp%2Fv2%2Fcomments&post=781"}],"version-history":[{"count":58,"href":"https:\/\/denizecolaneri.com\/index.php?rest_route=\/wp\/v2\/pages\/781\/revisions"}],"predecessor-version":[{"id":2076,"href":"https:\/\/denizecolaneri.com\/index.php?rest_route=\/wp\/v2\/pages\/781\/revisions\/2076"}],"wp:attachment":[{"href":"https:\/\/denizecolaneri.com\/index.php?rest_route=%2Fwp%2Fv2%2Fmedia&parent=781"}],"curies":[{"name":"wp","href":"https:\/\/api.w.org\/{rel}","templated":true}]}}